{"id":9663,"date":"2019-07-23T14:56:34","date_gmt":"2019-07-23T14:56:34","guid":{"rendered":"http:\/\/blog.bluebayresorts.com\/?page_id=9663&#038;lang=es"},"modified":"2019-07-23T15:00:30","modified_gmt":"2019-07-23T15:00:30","slug":"terminos-de-uso","status":"publish","type":"page","link":"https:\/\/www.bluebayhotels.com\/blog\/es\/terminos-de-uso\/","title":{"rendered":"T\u00e9rminos de Uso"},"content":{"rendered":"<p><\/p>\n<p>&nbsp;<\/p>\n<h3>Introducci\u00f3n<\/h3>\n<p>El Grupo BlueBay tiene un fuerte compromiso para proveer un excelente servicio a sus clientes, incluyendo todo lo concerniente a la privacidad de los datos. Entendemos que los visitantes de nuestra Web pueden tener algunas dudas acerca de como se trata y almacena la informaci\u00f3n que se recoge en esta Web, de modo que a continuaci\u00f3n se explican los principios de privacidad que gobiernan la Web de bluebayresorts.com.<\/p>\n<h3>Informaci\u00f3n recogida<\/h3>\n<p>Se recogen los siguientes datos para posibilitar que se pueda realizar una reserva, nombre, direcci\u00f3n, tel\u00e9fono, direcci\u00f3n de e-mail y datos de tarjeta de cr\u00e9dito. Utilizaremos su direcci\u00f3n de e-mail para enviarle la confirmaci\u00f3n de la reserva y si fuese necesario podr\u00edamos tambi\u00e9n usarla para contactar con usted para consultar cualquier duda referente a la reserva. Como se indica m\u00e1s abajo (ver la secci\u00f3n E-Mail) podr\u00edamos tambi\u00e9n usar el e-mail para notificarle sobre ofertas especiales y promociones.<\/p>\n<h3>Cookies<\/h3>\n<p>Nuestro web usa las llamadas cookies. Las &#8220;Cookies&#8221; son cadenas de texto que una web puede almacenar en los ordenadores del usuario. Nuestra web usa cookies, pero s\u00f3lo las requiere para el proceso de la reserva. Dichas cookies permiten a nuestra llevar el seguimiento de las preferencias seleccionadas en el proceso de la reserva, como son el idioma, hotel y tipo de habitaci\u00f3n reservados, etc. Nuestra web crea cookies de sesi\u00f3n para cada visita y expiran cuando el usuario termina la sesi\u00f3n. Las cookies no corrompen o da\u00f1an ning\u00fan elemento o fichero de su ordenador. Si no quiere recibir estas cookies, usted podr\u00eda desactivarlas en su explorador de internet (consultar las instrucciones para cada tipo de explorador), aunque haciendo esto podr\u00eda perder las posibilidad de procesar ciertas transacciones en nuestra web.<\/p>\n<h3>Seguridad en la transmisi\u00f3n y almacenamiento de la Informaci\u00f3n<\/h3>\n<p>Cuando introduce datos personales, son transferidos mediante el protocolo Secured Sockets Layer (SSL). Ello asegura que la informaci\u00f3n que viaja a trav\u00e9s de Internet se env\u00eda encriptada. Este modo seguro es habilitado antes de que la informaci\u00f3n es enviada desde su ordenador. Cuando la informaci\u00f3n llega al Grupo BlueBay es almacenada en un servidor seguro que reside detr\u00e1s de un firewall dise\u00f1ado para bloquear accesos no autorizados desde fuera de la compa\u00f1\u00eda. De acuerdo con la Ley Org\u00e1nica 15\/1999 del 13 de Diciembre, de Protecci\u00f3n de Datos Personales, Grupo BlueBay ha creado un fichero automatizado de datos personales, en el cual se recogen aquellos necesarios para procesar las reservas en nuestros hoteles. Grupo BlueBay garantiza todas las medidas necesarias para asegurar la confidencialidad en el trato de esos datos, los cuales pueden ser consultados, modificados o cancelados por su titular enviando un e-mail a info@grupobluebay.com con asunto &#8220;Protecci\u00f3n de datos&#8221;.<\/p>\n<h3>E-Mail<\/h3>\n<p>Nuestra intenci\u00f3n es enviarle comunicados a trav\u00e9s del e-mail que le ser\u00e1n de inter\u00e9s. Cuando usted crea un perfil personal o hace una reserva con su direcci\u00f3n de e-mail, nosotros le enviaremos ocasionalmente informaci\u00f3n sobre ofertas especiales y promociones que le puedan interesar. Estas comunicaciones pueden hacer referencia a las ofertas del Grupo BlueBay y\/o a promociones de partners selectos y respetables con quien Grupo BlueBay tenga una relaci\u00f3n comercial estrat\u00e9gica debido a que puedan ofrecer productos o servicios que creamos pueden ser de su inter\u00e9s. Si no quiere recibir informaci\u00f3n de este tipo puede comunic\u00e1rnoslo v\u00eda e-mail a la direcci\u00f3n info@grupobluebay.com utilizando como asunto la palabra unsubscribe.<\/p>\n<h3>Revelaci\u00f3n de Informaci\u00f3n a otras empresas<\/h3>\n<p>Grupo BlueBay proh\u00edbe la venta o transferencia de datos personales a entidades fuera de la compa\u00f1\u00eda para su uso sin su aprobaci\u00f3n. Si tiene cualquier duda sobre esta declaraci\u00f3n de privacidad por favor env\u00ede un e-mail a info@grupobluebay.com con asunto &#8220;Protecci\u00f3n de datos&#8221; o env\u00ede una carta a: Grupo BlueBay, Carretera Vieja de Bunyola s\/n &#8211; Pol\u00edgono Son Castell\u00f3 07009 Palma de Mallorca, Espa\u00f1a.<\/p>\n<h3>Privacidad de las comunicaciones via email<\/h3>\n<p>La informaci\u00f3n remitida via email se env\u00eda \u00fanicamente para la persona a la que va dirigida y puede contener informaci\u00f3n de car\u00e1cter confidencial o privilegiada. Cualquier modificaci\u00f3n, retrasmisi\u00f3n, difusi\u00f3n u otro uso de esta informaci\u00f3n por personas o entidades distintas a la persona a la que va dirigida est\u00e1 prohibida, salvo expreso consentimiento del Grupo BlueBay. Si usted lo ha recibido por error por favor contacte con el remitente y borre el mensaje de cualquier ordenador. Para el caso de que este mensaje vaya a ser contestado por la misma v\u00eda, ha de saberse que su respuesta podr\u00eda ser conocida por terceros al entrar en la red. Por ello, si el mensaje incluye contrase\u00f1as, n\u00fameros de tarjetas de cr\u00e9dito o cualquier otra informaci\u00f3n que usted considere confidencial, ser\u00eda m\u00e1s seguro contestar por otra v\u00eda y cancelar su transmisi\u00f3n. GRUPO BLUEBAY no puede asumir la responsabilidad derivada del hecho de que terceras personas puedan llegar a conocer el contenido de este mensaje durante su transmisi\u00f3n.<\/p>\n<h3>Reglas de la comunidad<\/h3>\n<p>Confirmando este acuerdo el usuario da a Bluebay y a su compa\u00f1\u00eda madre Al Andalus Management Hotels S.L. el derecho aunque no la obligaci\u00f3n a publicar su historia y la informaci\u00f3n personal incluida en el formulario de comunidad de bluebayresorts.com.<br \/>\nEste derecho no es una obligaci\u00f3n, por lo que BlueBay se reserva el derecho a no publicar opiniones contrarias a sus reglas editoriales.<\/p>","protected":false},"excerpt":{"rendered":"<p>&nbsp; Introducci\u00f3n El Grupo BlueBay tiene un fuerte compromiso para proveer un excelente servicio a sus clientes, incluyendo todo lo concerniente a la privacidad de los datos. Entendemos que los &#8230;<\/p>\n","protected":false},"author":1,"featured_media":9653,"parent":0,"menu_order":0,"comment_status":"closed","ping_status":"closed","template":"","meta":{"footnotes":""},"yoast_head":"<!-- This site is optimized with the Yoast SEO plugin v23.1 - https:\/\/yoast.com\/wordpress\/plugins\/seo\/ -->\n<title>T\u00e9rminos de Uso - Bluebay Sensations: Explora nuestro blog de viajes<\/title>\n<meta name=\"robots\" content=\"index, follow, max-snippet:-1, max-image-preview:large, max-video-preview:-1\" \/>\n<link rel=\"canonical\" href=\"https:\/\/www.bluebayhotels.com\/blog\/en\/use-terms\/\" \/>\n<meta property=\"og:locale\" content=\"es_ES\" \/>\n<meta property=\"og:type\" content=\"article\" \/>\n<meta property=\"og:title\" content=\"T\u00e9rminos de Uso - Bluebay Sensations: Explora nuestro blog de viajes\" \/>\n<meta property=\"og:description\" content=\"&nbsp; Introducci\u00f3n El Grupo BlueBay tiene un fuerte compromiso para proveer un excelente servicio a sus clientes, incluyendo todo lo concerniente a la privacidad de los datos. Entendemos que los ...\" \/>\n<meta property=\"og:url\" content=\"https:\/\/www.bluebayhotels.com\/blog\/en\/use-terms\/\" \/>\n<meta property=\"og:site_name\" content=\"Bluebay Sensations: Explora nuestro blog de viajes\" \/>\n<meta property=\"article:publisher\" content=\"http:\/\/www.facebook.com\/bluebayhotelsresorts\" \/>\n<meta property=\"article:modified_time\" content=\"2019-07-23T15:00:30+00:00\" \/>\n<meta property=\"og:image\" content=\"https:\/\/www.bluebayhotels.com\/blog\/wp-content\/uploads\/2019\/07\/aviso_legal_1920x600.jpg\" \/>\n\t<meta property=\"og:image:width\" content=\"1280\" \/>\n\t<meta property=\"og:image:height\" content=\"600\" \/>\n\t<meta property=\"og:image:type\" content=\"image\/jpeg\" \/>\n<meta name=\"twitter:card\" content=\"summary_large_image\" \/>\n<meta name=\"twitter:site\" content=\"@BlueBayHotels\" \/>\n<meta name=\"twitter:label1\" content=\"Est. reading time\" \/>\n\t<meta name=\"twitter:data1\" content=\"12 minutes\" \/>\n<!-- \/ Yoast SEO plugin. -->","yoast_head_json":{"title":"T\u00e9rminos de Uso - Bluebay Sensations: Explora nuestro blog de viajes","robots":{"index":"index","follow":"follow","max-snippet":"max-snippet:-1","max-image-preview":"max-image-preview:large","max-video-preview":"max-video-preview:-1"},"canonical":"https:\/\/www.bluebayhotels.com\/blog\/en\/use-terms\/","og_locale":"es_ES","og_type":"article","og_title":"T\u00e9rminos de Uso - Bluebay Sensations: Explora nuestro blog de viajes","og_description":"&nbsp; Introducci\u00f3n El Grupo BlueBay tiene un fuerte compromiso para proveer un excelente servicio a sus clientes, incluyendo todo lo concerniente a la privacidad de los datos. Entendemos que los ...","og_url":"https:\/\/www.bluebayhotels.com\/blog\/en\/use-terms\/","og_site_name":"Bluebay Sensations: Explora nuestro blog de viajes","article_publisher":"http:\/\/www.facebook.com\/bluebayhotelsresorts","article_modified_time":"2019-07-23T15:00:30+00:00","og_image":[{"width":1280,"height":600,"url":"https:\/\/www.bluebayhotels.com\/blog\/wp-content\/uploads\/2019\/07\/aviso_legal_1920x600.jpg","type":"image\/jpeg"}],"twitter_card":"summary_large_image","twitter_site":"@BlueBayHotels","twitter_misc":{"Est. reading time":"12 minutes"},"schema":{"@context":"https:\/\/schema.org","@graph":[{"@type":"Article","@id":"https:\/\/www.bluebayhotels.com\/blog\/en\/use-terms\/#article","isPartOf":{"@id":"https:\/\/www.bluebayhotels.com\/blog\/en\/use-terms\/"},"author":{"name":"bluebayadm","@id":"https:\/\/www.bluebayhotels.com\/blog\/en\/#\/schema\/person\/71fdcfb43ce368fbdee1beaf063c2fb6"},"headline":"T\u00e9rminos de Uso","datePublished":"2019-07-23T14:56:34+00:00","dateModified":"2019-07-23T15:00:30+00:00","mainEntityOfPage":{"@id":"https:\/\/www.bluebayhotels.com\/blog\/en\/use-terms\/"},"wordCount":2469,"publisher":{"@id":"https:\/\/www.bluebayhotels.com\/blog\/en\/#organization"},"image":{"@id":"https:\/\/www.bluebayhotels.com\/blog\/en\/use-terms\/#primaryimage"},"thumbnailUrl":"https:\/\/www.bluebayhotels.com\/blog\/wp-content\/uploads\/2019\/07\/aviso_legal_1920x600.jpg","inLanguage":"es-ES"},{"@type":"WebPage","@id":"https:\/\/www.bluebayhotels.com\/blog\/en\/use-terms\/","url":"https:\/\/www.bluebayhotels.com\/blog\/en\/use-terms\/","name":"T\u00e9rminos de Uso - Bluebay Sensations: Explora nuestro blog de viajes","isPartOf":{"@id":"https:\/\/www.bluebayhotels.com\/blog\/en\/#website"},"primaryImageOfPage":{"@id":"https:\/\/www.bluebayhotels.com\/blog\/en\/use-terms\/#primaryimage"},"image":{"@id":"https:\/\/www.bluebayhotels.com\/blog\/en\/use-terms\/#primaryimage"},"thumbnailUrl":"https:\/\/www.bluebayhotels.com\/blog\/wp-content\/uploads\/2019\/07\/aviso_legal_1920x600.jpg","datePublished":"2019-07-23T14:56:34+00:00","dateModified":"2019-07-23T15:00:30+00:00","breadcrumb":{"@id":"https:\/\/www.bluebayhotels.com\/blog\/en\/use-terms\/#breadcrumb"},"inLanguage":"es-ES","potentialAction":[{"@type":"ReadAction","target":["https:\/\/www.bluebayhotels.com\/blog\/en\/use-terms\/"]}]},{"@type":"ImageObject","inLanguage":"es-ES","@id":"https:\/\/www.bluebayhotels.com\/blog\/en\/use-terms\/#primaryimage","url":"https:\/\/www.bluebayhotels.com\/blog\/wp-content\/uploads\/2019\/07\/aviso_legal_1920x600.jpg","contentUrl":"https:\/\/www.bluebayhotels.com\/blog\/wp-content\/uploads\/2019\/07\/aviso_legal_1920x600.jpg","width":1280,"height":600},{"@type":"BreadcrumbList","@id":"https:\/\/www.bluebayhotels.com\/blog\/en\/use-terms\/#breadcrumb","itemListElement":[{"@type":"ListItem","position":1,"name":"Home","item":"https:\/\/www.bluebayhotels.com\/blog\/es\/"},{"@type":"ListItem","position":2,"name":"Use terms"}]},{"@type":"WebSite","@id":"https:\/\/www.bluebayhotels.com\/blog\/en\/#website","url":"https:\/\/www.bluebayhotels.com\/blog\/en\/","name":"BlueBay Sensations","description":"Insp\u00edrate con historias de viaje en Bluebay Sensations. Destinos exclusivos y consejos para los aventureros. \u00a1Disfruta de tus vacaciones perfectas!","publisher":{"@id":"https:\/\/www.bluebayhotels.com\/blog\/en\/#organization"},"potentialAction":[{"@type":"SearchAction","target":{"@type":"EntryPoint","urlTemplate":"https:\/\/www.bluebayhotels.com\/blog\/en\/?s={search_term_string}"},"query-input":"required name=search_term_string"}],"inLanguage":"es-ES"},{"@type":"Organization","@id":"https:\/\/www.bluebayhotels.com\/blog\/en\/#organization","name":"BlueBay Hotels","url":"https:\/\/www.bluebayhotels.com\/blog\/en\/","logo":{"@type":"ImageObject","inLanguage":"es-ES","@id":"https:\/\/www.bluebayhotels.com\/blog\/en\/#\/schema\/logo\/image\/","url":"https:\/\/www.bluebayresorts.com\/blog\/wp-content\/uploads\/2019\/07\/logo-bluebay-negro-e1562755043575.png","contentUrl":"https:\/\/www.bluebayresorts.com\/blog\/wp-content\/uploads\/2019\/07\/logo-bluebay-negro-e1562755043575.png","width":250,"height":56,"caption":"BlueBay Hotels"},"image":{"@id":"https:\/\/www.bluebayhotels.com\/blog\/en\/#\/schema\/logo\/image\/"},"sameAs":["http:\/\/www.facebook.com\/bluebayhotelsresorts","https:\/\/x.com\/BlueBayHotels","https:\/\/www.instagram.com\/bluebayhotels\/","https:\/\/www.linkedin.com\/company\/grupo-bluebay\/","http:\/\/www.youtube.com\/user\/GrupoBlueBay\/videos?view=pl"]},{"@type":"Person","@id":"https:\/\/www.bluebayhotels.com\/blog\/en\/#\/schema\/person\/71fdcfb43ce368fbdee1beaf063c2fb6","name":"bluebayadm"}]}},"_links":{"self":[{"href":"https:\/\/www.bluebayhotels.com\/blog\/es\/wp-json\/wp\/v2\/pages\/9663"}],"collection":[{"href":"https:\/\/www.bluebayhotels.com\/blog\/es\/wp-json\/wp\/v2\/pages"}],"about":[{"href":"https:\/\/www.bluebayhotels.com\/blog\/es\/wp-json\/wp\/v2\/types\/page"}],"author":[{"embeddable":true,"href":"https:\/\/www.bluebayhotels.com\/blog\/es\/wp-json\/wp\/v2\/users\/1"}],"replies":[{"embeddable":true,"href":"https:\/\/www.bluebayhotels.com\/blog\/es\/wp-json\/wp\/v2\/comments?post=9663"}],"version-history":[{"count":0,"href":"https:\/\/www.bluebayhotels.com\/blog\/es\/wp-json\/wp\/v2\/pages\/9663\/revisions"}],"wp:featuredmedia":[{"embeddable":true,"href":"https:\/\/www.bluebayhotels.com\/blog\/es\/wp-json\/wp\/v2\/media\/9653"}],"wp:attachment":[{"href":"https:\/\/www.bluebayhotels.com\/blog\/es\/wp-json\/wp\/v2\/media?parent=9663"}],"curies":[{"name":"wp","href":"https:\/\/api.w.org\/{rel}","templated":true}]}}