{"id":9646,"date":"2019-07-23T14:19:29","date_gmt":"2019-07-23T14:19:29","guid":{"rendered":"http:\/\/blog.bluebayresorts.com\/?page_id=9646&#038;lang=es"},"modified":"2025-10-09T13:44:54","modified_gmt":"2025-10-09T12:44:54","slug":"politica-de-cookies","status":"publish","type":"page","link":"https:\/\/www.bluebayhotels.com\/blog\/es\/politica-de-cookies\/","title":{"rendered":"Pol\u00edtica de Cookies"},"content":{"rendered":"<div class=\"CookieDeclaration\" dir=\"ltr\" lang=\"es\" style=\"margin-top: 2em;\">\n<p class=\"CookieDeclarationDialogText\">Esta p\u00e1gina web usa cookies. Las cookies de este sitio web se usan para personalizar el contenido y los anuncios, ofrecer funciones de redes sociales y analizar el tr\u00e1fico. Adem\u00e1s, compartimos informaci\u00f3n sobre el uso que haga del sitio web con nuestros partners de redes sociales, publicidad y an\u00e1lisis web, quienes pueden combinarla con otra informaci\u00f3n que les haya proporcionado o que hayan recopilado a partir del uso que haya hecho de sus servicios. Usted acepta nuestras cookies si contin\u00faa utilizando nuestro sitio web.<\/p>\n<p class=\"CookieDeclarationIntro\">Las cookies son peque\u00f1os archivos de texto que las p\u00e1ginas web pueden utilizar para hacer m\u00e1s eficiente la experiencia del usuario.<\/p>\n<p>La ley afirma que podemos almacenar cookies en su dispositivo si son estrictamente necesarias para el funcionamiento de esta p\u00e1gina. Para todos los dem\u00e1s tipos de cookies necesitamos su permiso.<\/p>\n<p>Esta p\u00e1gina utiliza tipos diferentes de cookies. Algunas cookies son colocadas por servicios de terceros que aparecen en nuestras p\u00e1ginas.<\/p>\n<p>En cualquier momento puede cambiar o retirar su consentimiento desde la Declaraci\u00f3n de cookies en nuestro sitio web.<\/p>\n<p><script type=\"text\/javascript\" charset=\"UTF-8\" data-cookiescriptreport=\"report\" src=\"\/\/report.cookie-script.com\/r\/a5eacecd132bfbca6441316de667938d.js\"><\/script><\/p>\n<\/div>","protected":false},"excerpt":{"rendered":"<p>Esta p\u00e1gina web usa cookies. Las cookies de este sitio web se usan para personalizar el contenido y los anuncios, ofrecer funciones de redes sociales y analizar el tr\u00e1fico. Adem\u00e1s, &#8230;<\/p>\n","protected":false},"author":1,"featured_media":9653,"parent":0,"menu_order":0,"comment_status":"closed","ping_status":"closed","template":"","meta":{"footnotes":""},"yoast_head":"<!-- This site is optimized with the Yoast SEO plugin v23.1 - https:\/\/yoast.com\/wordpress\/plugins\/seo\/ -->\n<title>Pol\u00edtica de Cookies - Bluebay Sensations: Explora nuestro blog de viajes<\/title>\n<meta name=\"robots\" content=\"index, follow, max-snippet:-1, max-image-preview:large, max-video-preview:-1\" \/>\n<link rel=\"canonical\" href=\"https:\/\/www.bluebayhotels.com\/blog\/es\/politica-de-cookies\/\" \/>\n<meta property=\"og:locale\" content=\"es_ES\" \/>\n<meta property=\"og:type\" content=\"article\" \/>\n<meta property=\"og:title\" content=\"Pol\u00edtica de Cookies - Bluebay Sensations: Explora nuestro blog de viajes\" \/>\n<meta property=\"og:description\" content=\"Esta p\u00e1gina web usa cookies. Las cookies de este sitio web se usan para personalizar el contenido y los anuncios, ofrecer funciones de redes sociales y analizar el tr\u00e1fico. Adem\u00e1s, ...\" \/>\n<meta property=\"og:url\" content=\"https:\/\/www.bluebayhotels.com\/blog\/es\/politica-de-cookies\/\" \/>\n<meta property=\"og:site_name\" content=\"Bluebay Sensations: Explora nuestro blog de viajes\" \/>\n<meta property=\"article:publisher\" content=\"http:\/\/www.facebook.com\/bluebayhotelsresorts\" \/>\n<meta property=\"article:modified_time\" content=\"2025-10-09T12:44:54+00:00\" \/>\n<meta property=\"og:image\" content=\"https:\/\/www.bluebayhotels.com\/blog\/wp-content\/uploads\/2019\/07\/aviso_legal_1920x600.jpg\" \/>\n\t<meta property=\"og:image:width\" content=\"1280\" \/>\n\t<meta property=\"og:image:height\" content=\"600\" \/>\n\t<meta property=\"og:image:type\" content=\"image\/jpeg\" \/>\n<meta name=\"twitter:card\" content=\"summary_large_image\" \/>\n<meta name=\"twitter:site\" content=\"@BlueBayHotels\" \/>\n<meta name=\"twitter:label1\" content=\"Est. reading time\" \/>\n\t<meta name=\"twitter:data1\" content=\"24 minutes\" \/>\n<!-- \/ Yoast SEO plugin. -->","yoast_head_json":{"title":"Pol\u00edtica de Cookies - Bluebay Sensations: Explora nuestro blog de viajes","robots":{"index":"index","follow":"follow","max-snippet":"max-snippet:-1","max-image-preview":"max-image-preview:large","max-video-preview":"max-video-preview:-1"},"canonical":"https:\/\/www.bluebayhotels.com\/blog\/es\/politica-de-cookies\/","og_locale":"es_ES","og_type":"article","og_title":"Pol\u00edtica de Cookies - Bluebay Sensations: Explora nuestro blog de viajes","og_description":"Esta p\u00e1gina web usa cookies. Las cookies de este sitio web se usan para personalizar el contenido y los anuncios, ofrecer funciones de redes sociales y analizar el tr\u00e1fico. Adem\u00e1s, ...","og_url":"https:\/\/www.bluebayhotels.com\/blog\/es\/politica-de-cookies\/","og_site_name":"Bluebay Sensations: Explora nuestro blog de viajes","article_publisher":"http:\/\/www.facebook.com\/bluebayhotelsresorts","article_modified_time":"2025-10-09T12:44:54+00:00","og_image":[{"width":1280,"height":600,"url":"https:\/\/www.bluebayhotels.com\/blog\/wp-content\/uploads\/2019\/07\/aviso_legal_1920x600.jpg","type":"image\/jpeg"}],"twitter_card":"summary_large_image","twitter_site":"@BlueBayHotels","twitter_misc":{"Est. reading time":"24 minutes"},"schema":{"@context":"https:\/\/schema.org","@graph":[{"@type":"Article","@id":"https:\/\/www.bluebayhotels.com\/blog\/es\/politica-de-cookies\/#article","isPartOf":{"@id":"https:\/\/www.bluebayhotels.com\/blog\/es\/politica-de-cookies\/"},"author":{"name":"bluebayadm","@id":"https:\/\/www.bluebayhotels.com\/blog\/en\/#\/schema\/person\/71fdcfb43ce368fbdee1beaf063c2fb6"},"headline":"Pol\u00edtica de Cookies","datePublished":"2019-07-23T14:19:29+00:00","dateModified":"2025-10-09T12:44:54+00:00","mainEntityOfPage":{"@id":"https:\/\/www.bluebayhotels.com\/blog\/es\/politica-de-cookies\/"},"wordCount":5709,"publisher":{"@id":"https:\/\/www.bluebayhotels.com\/blog\/en\/#organization"},"image":{"@id":"https:\/\/www.bluebayhotels.com\/blog\/es\/politica-de-cookies\/#primaryimage"},"thumbnailUrl":"https:\/\/www.bluebayhotels.com\/blog\/wp-content\/uploads\/2019\/07\/aviso_legal_1920x600.jpg","inLanguage":"es-ES"},{"@type":"WebPage","@id":"https:\/\/www.bluebayhotels.com\/blog\/es\/politica-de-cookies\/","url":"https:\/\/www.bluebayhotels.com\/blog\/es\/politica-de-cookies\/","name":"Pol\u00edtica de Cookies - Bluebay Sensations: Explora nuestro blog de viajes","isPartOf":{"@id":"https:\/\/www.bluebayhotels.com\/blog\/en\/#website"},"primaryImageOfPage":{"@id":"https:\/\/www.bluebayhotels.com\/blog\/es\/politica-de-cookies\/#primaryimage"},"image":{"@id":"https:\/\/www.bluebayhotels.com\/blog\/es\/politica-de-cookies\/#primaryimage"},"thumbnailUrl":"https:\/\/www.bluebayhotels.com\/blog\/wp-content\/uploads\/2019\/07\/aviso_legal_1920x600.jpg","datePublished":"2019-07-23T14:19:29+00:00","dateModified":"2025-10-09T12:44:54+00:00","breadcrumb":{"@id":"https:\/\/www.bluebayhotels.com\/blog\/es\/politica-de-cookies\/#breadcrumb"},"inLanguage":"es-ES","potentialAction":[{"@type":"ReadAction","target":["https:\/\/www.bluebayhotels.com\/blog\/es\/politica-de-cookies\/"]}]},{"@type":"ImageObject","inLanguage":"es-ES","@id":"https:\/\/www.bluebayhotels.com\/blog\/es\/politica-de-cookies\/#primaryimage","url":"https:\/\/www.bluebayhotels.com\/blog\/wp-content\/uploads\/2019\/07\/aviso_legal_1920x600.jpg","contentUrl":"https:\/\/www.bluebayhotels.com\/blog\/wp-content\/uploads\/2019\/07\/aviso_legal_1920x600.jpg","width":1280,"height":600},{"@type":"BreadcrumbList","@id":"https:\/\/www.bluebayhotels.com\/blog\/es\/politica-de-cookies\/#breadcrumb","itemListElement":[{"@type":"ListItem","position":1,"name":"Home","item":"https:\/\/www.bluebayhotels.com\/blog\/es\/"},{"@type":"ListItem","position":2,"name":"Pol\u00edtica de Cookies"}]},{"@type":"WebSite","@id":"https:\/\/www.bluebayhotels.com\/blog\/en\/#website","url":"https:\/\/www.bluebayhotels.com\/blog\/en\/","name":"BlueBay Sensations","description":"Insp\u00edrate con historias de viaje en Bluebay Sensations. Destinos exclusivos y consejos para los aventureros. \u00a1Disfruta de tus vacaciones perfectas!","publisher":{"@id":"https:\/\/www.bluebayhotels.com\/blog\/en\/#organization"},"potentialAction":[{"@type":"SearchAction","target":{"@type":"EntryPoint","urlTemplate":"https:\/\/www.bluebayhotels.com\/blog\/en\/?s={search_term_string}"},"query-input":"required name=search_term_string"}],"inLanguage":"es-ES"},{"@type":"Organization","@id":"https:\/\/www.bluebayhotels.com\/blog\/en\/#organization","name":"BlueBay Hotels","url":"https:\/\/www.bluebayhotels.com\/blog\/en\/","logo":{"@type":"ImageObject","inLanguage":"es-ES","@id":"https:\/\/www.bluebayhotels.com\/blog\/en\/#\/schema\/logo\/image\/","url":"https:\/\/www.bluebayresorts.com\/blog\/wp-content\/uploads\/2019\/07\/logo-bluebay-negro-e1562755043575.png","contentUrl":"https:\/\/www.bluebayresorts.com\/blog\/wp-content\/uploads\/2019\/07\/logo-bluebay-negro-e1562755043575.png","width":250,"height":56,"caption":"BlueBay Hotels"},"image":{"@id":"https:\/\/www.bluebayhotels.com\/blog\/en\/#\/schema\/logo\/image\/"},"sameAs":["http:\/\/www.facebook.com\/bluebayhotelsresorts","https:\/\/x.com\/BlueBayHotels","https:\/\/www.instagram.com\/bluebayhotels\/","https:\/\/www.linkedin.com\/company\/grupo-bluebay\/","http:\/\/www.youtube.com\/user\/GrupoBlueBay\/videos?view=pl"]},{"@type":"Person","@id":"https:\/\/www.bluebayhotels.com\/blog\/en\/#\/schema\/person\/71fdcfb43ce368fbdee1beaf063c2fb6","name":"bluebayadm"}]}},"_links":{"self":[{"href":"https:\/\/www.bluebayhotels.com\/blog\/es\/wp-json\/wp\/v2\/pages\/9646"}],"collection":[{"href":"https:\/\/www.bluebayhotels.com\/blog\/es\/wp-json\/wp\/v2\/pages"}],"about":[{"href":"https:\/\/www.bluebayhotels.com\/blog\/es\/wp-json\/wp\/v2\/types\/page"}],"author":[{"embeddable":true,"href":"https:\/\/www.bluebayhotels.com\/blog\/es\/wp-json\/wp\/v2\/users\/1"}],"replies":[{"embeddable":true,"href":"https:\/\/www.bluebayhotels.com\/blog\/es\/wp-json\/wp\/v2\/comments?post=9646"}],"version-history":[{"count":1,"href":"https:\/\/www.bluebayhotels.com\/blog\/es\/wp-json\/wp\/v2\/pages\/9646\/revisions"}],"predecessor-version":[{"id":11710,"href":"https:\/\/www.bluebayhotels.com\/blog\/es\/wp-json\/wp\/v2\/pages\/9646\/revisions\/11710"}],"wp:featuredmedia":[{"embeddable":true,"href":"https:\/\/www.bluebayhotels.com\/blog\/es\/wp-json\/wp\/v2\/media\/9653"}],"wp:attachment":[{"href":"https:\/\/www.bluebayhotels.com\/blog\/es\/wp-json\/wp\/v2\/media?parent=9646"}],"curies":[{"name":"wp","href":"https:\/\/api.w.org\/{rel}","templated":true}]}}