{"id":9659,"date":"2019-07-23T14:51:08","date_gmt":"2019-07-23T14:51:08","guid":{"rendered":"http:\/\/blog.bluebayresorts.com\/?page_id=9659&#038;lang=es"},"modified":"2019-07-23T14:53:53","modified_gmt":"2019-07-23T14:53:53","slug":"aviso-legal-politica-de-privacidad","status":"publish","type":"page","link":"https:\/\/www.bluebayhotels.com\/blog\/en\/legal-notice\/","title":{"rendered":"Legal Notice \/ Privacy Policy"},"content":{"rendered":"<p><strong>1. Objeto <\/strong><br \/>\nEste Aviso Legal regula la utilizaci\u00f3n por parte de los usuarios de las p\u00e1ginas Web contenidas en el sitio en Internet www.bluebayresorts.com\/blog (En adelante website), propiedad de Grupo BlueBay. La navegaci\u00f3n por el website, le atribuye la condici\u00f3n de usuario y conlleva la aceptaci\u00f3n plena y sin reservas del presente Aviso Legal.<br \/>\nGrupo BlueBay, a trav\u00e9s de su website, facilita a los usuarios el acceso a determinados contenidos puestos a disposici\u00f3n por \u201cel propietario\u201d o por terceros proveedores de servicios y contenidos. El usuario acepta voluntariamente que el uso de \u00e9stos tiene lugar, en todo caso, bajo su \u00fanica y exclusiva responsabilidad.<br \/>\nGrupo BlueBay se reserva el derecho a modificar unilateralmente, en cualquier momento y sin previo aviso, la presentaci\u00f3n, configuraci\u00f3n o contenido del website y del presente Aviso Legal.<br \/>\nEstas modificaciones se considerar\u00e1n v\u00e1lidamente notificadas desde su publicaci\u00f3n en la Web. El usuario se obliga a leer el presente Aviso Legal cada una de las ocasiones que pretenda acceder al website.<br \/>\n<strong><br \/>\n2. Obligaciones del usuario <\/strong><br \/>\nEl usuario se obliga a usar los contenidos de forma diligente, correcta, l\u00edcita y de conformidad a la Ley y al presente Aviso Legal.<br \/>\nEn particular, se compromete a no utilizar los contenidos con una finalidad, contraria a la Ley, moral u orden p\u00fablico; a no reproducir o copiar, no distribuir, no permitir el acceso p\u00fablico, no transformar y no modificar ning\u00fan tipo de contenido del website, a excepci\u00f3n de que cuente con autorizaci\u00f3n expresa y en cualquier tipo de soporte, ya sea f\u00edsico o l\u00f3gico, de Grupo BlueBay o con autorizaci\u00f3n expresa, en su caso, del leg\u00edtimo titular de los derechos sobre los contenidos antes mencionados. Asimismo el usuario se obliga a no utilizar el dise\u00f1o y el c\u00f3digo fuente de las p\u00e1ginas Web del website con una finalidad contraria a la Ley, moral u orden p\u00fablico.<br \/>\n<strong><br \/>\n3. Propiedad Intelectual e Industrial <\/strong><br \/>\nTodo tipo de contenido incluido en el website, as\u00ed como el dise\u00f1o y el c\u00f3digo fuente de las p\u00e1ginas Web del website, est\u00e1 protegido por las leyes espa\u00f1olas e internacionales sobre propiedad intelectual y sobre propiedad industrial.<br \/>\nLa totalidad del website y, en especial, texto, im\u00e1genes, software, y c\u00f3digo fuente es propiedad de Grupo BlueBay. En el caso de contenidos incluidos en el website de los que no se posean derechos de propiedad intelectual o industrial, Grupo BlueBay garantiza que ha obtenido la autorizaci\u00f3n de su leg\u00edtimo titular para la explotaci\u00f3n, reproducci\u00f3n, distribuci\u00f3n, comunicaci\u00f3n p\u00fablica y, en su caso, transformaci\u00f3n de los mismos. En particular, los usuarios y dem\u00e1s personas que quieran explotar, reproducir, distribuir, comunicar p\u00fablicamente y transformar los contenidos incluidos en la website deber\u00e1n realizarlo con la previa autorizaci\u00f3n de \u201cel propietario, Grupo BlueBay\u201d o, en su caso, de su leg\u00edtimo titular y siempre realizando estas actuaciones de buena fe y siguiendo las directrices del presente Aviso Legal, as\u00ed como de la Ley, moral y orden p\u00fablico.<br \/>\nLos enlaces establecidos en el website de Grupo BlueBay generalmente no representan ning\u00fan tipo de relaci\u00f3n entre Grupo BlueBay y las personas titulares de los citados sitios en Internet enlazados, en el caso de que as\u00ed lo fuera, Grupo BlueBay no ser\u00e1 responsable de los contenidos y servicios que pudieran ofrecerse en las p\u00e1ginas enlazadas. En todo caso Grupo BlueBay respeta todo tipo de derechos y, en especial los de propiedad intelectual e industrial, de los leg\u00edtimos titulares de los sitios en Internet enlazados a trav\u00e9s de su website.<br \/>\n<strong><br \/>\n4. Exclusi\u00f3n de responsabilidad <\/strong><br \/>\nGrupo BlueBay. no garantiza la disponibilidad y continuidad del funcionamiento del website ni tampoco garantiza la utilidad del website o de sus contenidos para la realizaci\u00f3n de ninguna actividad en particular. Grupo BlueBay excluye cualquier tipo de responsabilidad por los da\u00f1os y perjuicios de toda naturaleza que puedan deberse a la falta de disponibilidad o de continuidad del funcionamiento del website o a la defraudaci\u00f3n de la utilidad que los usuarios hubieren podido atribuir al website. Grupo BlueBay. no asumir\u00e1 ning\u00fan tipo de responsabilidad por los posibles fallos en el acceso a las distintas p\u00e1ginas del website de su propiedad.<br \/>\nGrupo BlueBay cuenta con medidas oportunas y que cumplen con los est\u00e1ndares de seguridad que la tecnolog\u00eda actual permite, no obstante, no garantiza la privacidad y seguridad de la utilizaci\u00f3n del website y, en particular, no garantiza que terceros no autorizados no puedan tener conocimiento de la clase, condiciones, caracter\u00edstica y circunstancias del uso que los usuarios hacen del website. Grupo BlueBay excluye toda responsabilidad por los da\u00f1os y perjuicios de toda naturaleza que pudieran deberse al conocimiento que puedan tener terceros no autorizados de la clase, condiciones, caracter\u00edstica y circunstancias del uso que los usuarios hacen del website.<br \/>\n\u201cGrupo BlueBay no controla ni garantiza la ausencia de elementos de car\u00e1cter inform\u00e1tico en los contenidos del website que puedan producir alteraciones en los equipos para el proceso de informaci\u00f3n de los usuarios o en cualquier tipo de archivo almacenado en el mismo, excluyendo cualquier responsabilidad por los da\u00f1os y perjuicios de toda naturaleza que puedan ocasionar estos. Grupo BlueBay. no garantiza la fiabilidad y utilidad de los contenidos del website.<br \/>\nGrupo BlueBay excluye cualquier responsabilidad por los da\u00f1os y perjuicios de toda naturaleza que puedan deberse a la transmisi\u00f3n, difusi\u00f3n, almacenamiento, puesta disposici\u00f3n, recepci\u00f3n, obtenci\u00f3n, acceso o cualquier otra conducta an\u00e1loga o similar a los contenidos. Grupo BlueBay. no garantiza la veracidad, exactitud, exhaustividad y actualidad de los contenidos, excluyendo cualquier tipo de responsabilidad por los da\u00f1os y perjuicios de toda naturaleza que puedan deberse a la falta de estos hechos. Grupo BlueBay. no concede ninguna licencia o autorizaci\u00f3n de uso de ninguna clase sobre sus derechos de propiedad industrial e intelectual o sobre cualquier otra propiedad o derecho relacionado con el website, los servicios o contenidos.<br \/>\n<strong><br \/>\n5. Duraci\u00f3n y terminaci\u00f3n <\/strong><br \/>\nLa duraci\u00f3n del presente Aviso Legal es indefinida. No obstante, Grupo BlueBay. podr\u00e1 dar por terminada o suspender la accesibilidad de cualquiera de los contenidos ofrecidos en el website, y podr\u00e1 modificar el contenido del presente Aviso Legal en cualquier momento, con la finalidad de adecuarlo a futuros cambios legislativos o tecnol\u00f3gicos. Estas modificaciones se considerar\u00e1n que han sido eficazmente notificadas desde su publicaci\u00f3n en la Web siendo v\u00e1lidas desde ese momento.<br \/>\n<strong><br \/>\n6. Ley aplicable, conciliaci\u00f3n y jurisdicci\u00f3n <\/strong><br \/>\nEn caso de conflicto, dificultad o controversia respecto de cualquier materia del presente Aviso Legal, \u00e9ste ser\u00e1 sometido a la jurisdicci\u00f3n de los Tribunales y Juzgados de M\u00e1laga (Espa\u00f1a) siempre que ello no contravenga la legislaci\u00f3n vigente.<\/p>","protected":false},"excerpt":{"rendered":"<p>1. Objeto Este Aviso Legal regula la utilizaci\u00f3n por parte de los usuarios de las p\u00e1ginas Web contenidas en el sitio en Internet www.bluebayresorts.com\/blog (En adelante website), propiedad de Grupo &#8230;<\/p>\n","protected":false},"author":1,"featured_media":9653,"parent":0,"menu_order":0,"comment_status":"closed","ping_status":"closed","template":"","meta":{"footnotes":""},"yoast_head":"<!-- This site is optimized with the Yoast SEO plugin v23.1 - https:\/\/yoast.com\/wordpress\/plugins\/seo\/ -->\n<title>Legal Notice \/ Privacy Policy - Bluebay Sensations Blog: Your Guide to Travel Adventures<\/title>\n<meta name=\"robots\" content=\"index, follow, max-snippet:-1, max-image-preview:large, max-video-preview:-1\" \/>\n<link rel=\"canonical\" href=\"https:\/\/www.bluebayhotels.com\/blog\/es\/aviso-legal\/\" \/>\n<meta property=\"og:locale\" content=\"en_US\" \/>\n<meta property=\"og:type\" content=\"article\" \/>\n<meta property=\"og:title\" content=\"Legal Notice \/ Privacy Policy - Bluebay Sensations Blog: Your Guide to Travel Adventures\" \/>\n<meta property=\"og:description\" content=\"1. Objeto Este Aviso Legal regula la utilizaci\u00f3n por parte de los usuarios de las p\u00e1ginas Web contenidas en el sitio en Internet www.bluebayresorts.com\/blog (En adelante website), propiedad de Grupo ...\" \/>\n<meta property=\"og:url\" content=\"https:\/\/www.bluebayhotels.com\/blog\/es\/aviso-legal\/\" \/>\n<meta property=\"og:site_name\" content=\"Bluebay Sensations Blog: Your Guide to Travel Adventures\" \/>\n<meta property=\"article:publisher\" content=\"http:\/\/www.facebook.com\/bluebayhotelsresorts\" \/>\n<meta property=\"article:modified_time\" content=\"2019-07-23T14:53:53+00:00\" \/>\n<meta property=\"og:image\" content=\"https:\/\/www.bluebayhotels.com\/blog\/wp-content\/uploads\/2019\/07\/aviso_legal_1920x600.jpg\" \/>\n\t<meta property=\"og:image:width\" content=\"1280\" \/>\n\t<meta property=\"og:image:height\" content=\"600\" \/>\n\t<meta property=\"og:image:type\" content=\"image\/jpeg\" \/>\n<meta name=\"twitter:card\" content=\"summary_large_image\" \/>\n<meta name=\"twitter:site\" content=\"@BlueBayHotels\" \/>\n<meta name=\"twitter:label1\" content=\"Est. reading time\" \/>\n\t<meta name=\"twitter:data1\" content=\"17 minutes\" \/>\n<!-- \/ Yoast SEO plugin. -->","yoast_head_json":{"title":"Legal Notice \/ Privacy Policy - Bluebay Sensations Blog: Your Guide to Travel Adventures","robots":{"index":"index","follow":"follow","max-snippet":"max-snippet:-1","max-image-preview":"max-image-preview:large","max-video-preview":"max-video-preview:-1"},"canonical":"https:\/\/www.bluebayhotels.com\/blog\/es\/aviso-legal\/","og_locale":"en_US","og_type":"article","og_title":"Legal Notice \/ Privacy Policy - Bluebay Sensations Blog: Your Guide to Travel Adventures","og_description":"1. Objeto Este Aviso Legal regula la utilizaci\u00f3n por parte de los usuarios de las p\u00e1ginas Web contenidas en el sitio en Internet www.bluebayresorts.com\/blog (En adelante website), propiedad de Grupo ...","og_url":"https:\/\/www.bluebayhotels.com\/blog\/es\/aviso-legal\/","og_site_name":"Bluebay Sensations Blog: Your Guide to Travel Adventures","article_publisher":"http:\/\/www.facebook.com\/bluebayhotelsresorts","article_modified_time":"2019-07-23T14:53:53+00:00","og_image":[{"width":1280,"height":600,"url":"https:\/\/www.bluebayhotels.com\/blog\/wp-content\/uploads\/2019\/07\/aviso_legal_1920x600.jpg","type":"image\/jpeg"}],"twitter_card":"summary_large_image","twitter_site":"@BlueBayHotels","twitter_misc":{"Est. reading time":"17 minutes"},"schema":{"@context":"https:\/\/schema.org","@graph":[{"@type":"Article","@id":"https:\/\/www.bluebayhotels.com\/blog\/es\/aviso-legal\/#article","isPartOf":{"@id":"https:\/\/www.bluebayhotels.com\/blog\/es\/aviso-legal\/"},"author":{"name":"bluebayadm","@id":"https:\/\/www.bluebayhotels.com\/blog\/en\/#\/schema\/person\/71fdcfb43ce368fbdee1beaf063c2fb6"},"headline":"Legal Notice \/ Privacy Policy","datePublished":"2019-07-23T14:51:08+00:00","dateModified":"2019-07-23T14:53:53+00:00","mainEntityOfPage":{"@id":"https:\/\/www.bluebayhotels.com\/blog\/es\/aviso-legal\/"},"wordCount":3479,"publisher":{"@id":"https:\/\/www.bluebayhotels.com\/blog\/en\/#organization"},"image":{"@id":"https:\/\/www.bluebayhotels.com\/blog\/es\/aviso-legal\/#primaryimage"},"thumbnailUrl":"https:\/\/www.bluebayhotels.com\/blog\/wp-content\/uploads\/2019\/07\/aviso_legal_1920x600.jpg","inLanguage":"en-US"},{"@type":"WebPage","@id":"https:\/\/www.bluebayhotels.com\/blog\/es\/aviso-legal\/","url":"https:\/\/www.bluebayhotels.com\/blog\/es\/aviso-legal\/","name":"Legal Notice \/ Privacy Policy - Bluebay Sensations Blog: Your Guide to Travel Adventures","isPartOf":{"@id":"https:\/\/www.bluebayhotels.com\/blog\/en\/#website"},"primaryImageOfPage":{"@id":"https:\/\/www.bluebayhotels.com\/blog\/es\/aviso-legal\/#primaryimage"},"image":{"@id":"https:\/\/www.bluebayhotels.com\/blog\/es\/aviso-legal\/#primaryimage"},"thumbnailUrl":"https:\/\/www.bluebayhotels.com\/blog\/wp-content\/uploads\/2019\/07\/aviso_legal_1920x600.jpg","datePublished":"2019-07-23T14:51:08+00:00","dateModified":"2019-07-23T14:53:53+00:00","breadcrumb":{"@id":"https:\/\/www.bluebayhotels.com\/blog\/es\/aviso-legal\/#breadcrumb"},"inLanguage":"en-US","potentialAction":[{"@type":"ReadAction","target":["https:\/\/www.bluebayhotels.com\/blog\/es\/aviso-legal\/"]}]},{"@type":"ImageObject","inLanguage":"en-US","@id":"https:\/\/www.bluebayhotels.com\/blog\/es\/aviso-legal\/#primaryimage","url":"https:\/\/www.bluebayhotels.com\/blog\/wp-content\/uploads\/2019\/07\/aviso_legal_1920x600.jpg","contentUrl":"https:\/\/www.bluebayhotels.com\/blog\/wp-content\/uploads\/2019\/07\/aviso_legal_1920x600.jpg","width":1280,"height":600},{"@type":"BreadcrumbList","@id":"https:\/\/www.bluebayhotels.com\/blog\/es\/aviso-legal\/#breadcrumb","itemListElement":[{"@type":"ListItem","position":1,"name":"Home","item":"https:\/\/www.bluebayhotels.com\/blog\/es\/"},{"@type":"ListItem","position":2,"name":"Aviso Legal \/ Pol\u00edtica de Privacidad"}]},{"@type":"WebSite","@id":"https:\/\/www.bluebayhotels.com\/blog\/en\/#website","url":"https:\/\/www.bluebayhotels.com\/blog\/en\/","name":"BlueBay Sensations","description":"Explore BlueBay Sensations for travel inspiration, expert tips, and more. Begin your journey with BlueBay today and enhance your adventures!","publisher":{"@id":"https:\/\/www.bluebayhotels.com\/blog\/en\/#organization"},"potentialAction":[{"@type":"SearchAction","target":{"@type":"EntryPoint","urlTemplate":"https:\/\/www.bluebayhotels.com\/blog\/en\/?s={search_term_string}"},"query-input":"required name=search_term_string"}],"inLanguage":"en-US"},{"@type":"Organization","@id":"https:\/\/www.bluebayhotels.com\/blog\/en\/#organization","name":"BlueBay Hotels","url":"https:\/\/www.bluebayhotels.com\/blog\/en\/","logo":{"@type":"ImageObject","inLanguage":"en-US","@id":"https:\/\/www.bluebayhotels.com\/blog\/en\/#\/schema\/logo\/image\/","url":"https:\/\/www.bluebayresorts.com\/blog\/wp-content\/uploads\/2019\/07\/logo-bluebay-negro-e1562755043575.png","contentUrl":"https:\/\/www.bluebayresorts.com\/blog\/wp-content\/uploads\/2019\/07\/logo-bluebay-negro-e1562755043575.png","width":250,"height":56,"caption":"BlueBay Hotels"},"image":{"@id":"https:\/\/www.bluebayhotels.com\/blog\/en\/#\/schema\/logo\/image\/"},"sameAs":["http:\/\/www.facebook.com\/bluebayhotelsresorts","https:\/\/x.com\/BlueBayHotels","https:\/\/www.instagram.com\/bluebayhotels\/","https:\/\/www.linkedin.com\/company\/grupo-bluebay\/","http:\/\/www.youtube.com\/user\/GrupoBlueBay\/videos?view=pl"]},{"@type":"Person","@id":"https:\/\/www.bluebayhotels.com\/blog\/en\/#\/schema\/person\/71fdcfb43ce368fbdee1beaf063c2fb6","name":"bluebayadm"}]}},"_links":{"self":[{"href":"https:\/\/www.bluebayhotels.com\/blog\/en\/wp-json\/wp\/v2\/pages\/9659"}],"collection":[{"href":"https:\/\/www.bluebayhotels.com\/blog\/en\/wp-json\/wp\/v2\/pages"}],"about":[{"href":"https:\/\/www.bluebayhotels.com\/blog\/en\/wp-json\/wp\/v2\/types\/page"}],"author":[{"embeddable":true,"href":"https:\/\/www.bluebayhotels.com\/blog\/en\/wp-json\/wp\/v2\/users\/1"}],"replies":[{"embeddable":true,"href":"https:\/\/www.bluebayhotels.com\/blog\/en\/wp-json\/wp\/v2\/comments?post=9659"}],"version-history":[{"count":0,"href":"https:\/\/www.bluebayhotels.com\/blog\/en\/wp-json\/wp\/v2\/pages\/9659\/revisions"}],"wp:featuredmedia":[{"embeddable":true,"href":"https:\/\/www.bluebayhotels.com\/blog\/en\/wp-json\/wp\/v2\/media\/9653"}],"wp:attachment":[{"href":"https:\/\/www.bluebayhotels.com\/blog\/en\/wp-json\/wp\/v2\/media?parent=9659"}],"curies":[{"name":"wp","href":"https:\/\/api.w.org\/{rel}","templated":true}]}}